{"id":6629,"date":"2022-07-18T08:29:14","date_gmt":"2022-07-18T06:29:14","guid":{"rendered":"https:\/\/triumnovem.de\/news\/"},"modified":"2024-01-31T14:31:06","modified_gmt":"2024-01-31T13:31:06","slug":"news","status":"publish","type":"page","link":"https:\/\/triumnovem.de\/en\/news\/","title":{"rendered":"News"},"content":{"rendered":"\t\t<div data-elementor-type=\"wp-page\" data-elementor-id=\"6629\" class=\"elementor elementor-6629 elementor-6589\" data-elementor-post-type=\"page\">\n\t\t\t\t\t\t<section class=\"elementor-section elementor-top-section elementor-element elementor-element-f40433f elementor-section-boxed elementor-section-height-default elementor-section-height-default\" data-id=\"f40433f\" data-element_type=\"section\" data-e-type=\"section\">\n\t\t\t\t\t\t<div class=\"elementor-container elementor-column-gap-default\">\n\t\t\t\t\t<div class=\"elementor-column elementor-col-100 elementor-top-column elementor-element elementor-element-80294f4 ot-flex-column-vertical\" data-id=\"80294f4\" data-element_type=\"column\" data-e-type=\"column\">\n\t\t\t<div class=\"elementor-widget-wrap elementor-element-populated\">\n\t\t\t\t\t\t<div class=\"elementor-element elementor-element-a4f9a1a elementor-widget elementor-widget-ipost_grid\" data-id=\"a4f9a1a\" data-element_type=\"widget\" data-e-type=\"widget\" data-widget_type=\"ipost_grid.default\">\n\t\t\t\t<div class=\"elementor-widget-container\">\n\t\t\t\t\t\t\t<div class=\"blog-grid pf_2_cols v-light\">\n        \t \n<article id=\"post-11200\" class=\"post-box masonry-post-item post-11200 post type-post status-publish format-standard has-post-thumbnail hentry category-uncategorized\">\n\t<div class=\"post-inner\">\n\t    \n\t        <div class=\"entry-media post-cat-abs\">\n\t\t\t\t<img fetchpriority=\"high\" decoding=\"async\" width=\"600\" height=\"400\" src=\"https:\/\/triumnovem.de\/wp-content\/uploads\/2026\/02\/tn-fastnacht-2026.jpg\" class=\"attachment-trino-post-thumb size-trino-post-thumb wp-post-image\" alt=\"\" srcset=\"https:\/\/triumnovem.de\/wp-content\/uploads\/2026\/02\/tn-fastnacht-2026.jpg 600w, https:\/\/triumnovem.de\/wp-content\/uploads\/2026\/02\/tn-fastnacht-2026-300x200.jpg 300w\" sizes=\"(max-width: 600px) 100vw, 600px\" \/>\t        <\/div>\n\t        \n\t    \n\t    <div class=\"inner-post\">\n\t        <div class=\"entry-header\">\n\n\t            <h4 class=\"entry-title\">Costumes, Traditions and Great Team Spirit \ud83c\udfad<\/h4>\n\t        <\/div><!-- .entry-header -->\n\n\t\t\t\t        <div class=\"entry-summary the-excerpt\">\n\n\t            <p class=\"p1\">On \u201cSchmutziger Donnerstag\u201d (Dirty Thursday), things got delightfully festive in our office: Almost the entire team showed up in costume, creating a cheerful atmosphere right from the start of the day. From fairy-tale characters and animals to movie heroines and classic carnival outfits, creativity knew no bounds.<\/p>\n<p class=\"p1\">Carnival season has a long-standing tradition in the Ortenau region and is deeply rooted in the local culture \u2013 which makes it even more special to celebrate this tradition together as a team.<\/p>\n<p class=\"p1\">Of course, no celebration would be complete without some seasonal treats. We enjoyed traditional bean soup, crispy \u201cScherben\u201d pastries and sweet \u201cBerliner\u201d doughnuts \u2013 just the way they are known and loved in the Ortenau. Sharing food, laughter and admiring each other\u2019s costumes made the day a true highlight. The video is available on our Instagram profile.<\/p>\n<p class=\"p1\">A very special eye-catcher was Bertha, our Feel Good Manager <span class=\"s1\">\ud83d\udc36<\/span>. She also joined the celebration in costume and brought plenty of extra smiles (and cuddles) to the team.<\/p>\n<p style=\"text-align: right;\"><strong>February 2026<\/strong><\/p>\n\n\t        <\/div><!-- .entry-content -->\n\t        <div class=\"entry-footer\">\n\t        <\/div>\n\n\t\t\t\t    <\/div>\n\t<\/div>\n<\/article> \n<article id=\"post-11171\" class=\"post-box masonry-post-item post-11171 post type-post status-publish format-standard has-post-thumbnail hentry category-uncategorized\">\n\t<div class=\"post-inner\">\n\t    \n\t        <div class=\"entry-media post-cat-abs\">\n\t\t\t\t<img decoding=\"async\" width=\"600\" height=\"400\" src=\"https:\/\/triumnovem.de\/wp-content\/uploads\/2025\/12\/tn-weihnachtsfeier-25.jpg\" class=\"attachment-trino-post-thumb size-trino-post-thumb wp-post-image\" alt=\"\" srcset=\"https:\/\/triumnovem.de\/wp-content\/uploads\/2025\/12\/tn-weihnachtsfeier-25.jpg 600w, https:\/\/triumnovem.de\/wp-content\/uploads\/2025\/12\/tn-weihnachtsfeier-25-300x200.jpg 300w\" sizes=\"(max-width: 600px) 100vw, 600px\" \/>\t        <\/div>\n\t        \n\t    \n\t    <div class=\"inner-post\">\n\t        <div class=\"entry-header\">\n\n\t            <h4 class=\"entry-title\">Celebrating a Successful Year with Our Growing Team<\/h4>\n\t        <\/div><!-- .entry-header -->\n\n\t\t\t\t        <div class=\"entry-summary the-excerpt\">\n\n\t            <p>To mark the end of the year, we celebrated our Christmas party at Biereck in Hofstetten. Set in a stylish atmosphere, the evening provided the perfect opportunity to look back together on an intense and, above all, successful year.<br \/>\nEspecially in an industry often characterized by high time pressure, demanding projects, and tight timelines, moments like these are particularly valuable. Over excellent food and in a relaxed setting, it became clear how well our team works together, how much everyone supports one another, and how important strong collaboration is to our shared success.<br \/>\nWe were especially pleased to welcome 18 new colleagues to our team over the course of the year. The Christmas party was a great opportunity to bring long-standing and new team members together and to show how well everyone has already connected and built strong working relationships.<br \/>\nThe positive &#8211; almost legendary &#8211; atmosphere reflected what defines our daily work: reliability, team spirit, and mutual appreciation, extending beyond individual projects and construction sites. Traveling together by coach to and from the venue further emphasized the sense of togetherness and contributed to a smoothly organized and thoroughly enjoyable evening.<br \/>\nThe Christmas party was a wonderful way to close out the year and to thank all employees for their commitment and dedication. With this positive energy and strong team spirit, we are heading into the upcoming projects with confidence and motivation.<\/p>\n<p style=\"text-align: right;\"><strong>December 2025<\/strong><\/p>\n\n\t        <\/div><!-- .entry-content -->\n\t        <div class=\"entry-footer\">\n\t        <\/div>\n\n\t\t\t\t    <\/div>\n\t<\/div>\n<\/article> \n<article id=\"post-11165\" class=\"post-box masonry-post-item post-11165 post type-post status-publish format-standard has-post-thumbnail hentry category-uncategorized\">\n\t<div class=\"post-inner\">\n\t    \n\t        <div class=\"entry-media post-cat-abs\">\n\t\t\t\t<img decoding=\"async\" width=\"600\" height=\"400\" src=\"https:\/\/triumnovem.de\/wp-content\/uploads\/2025\/12\/job-des-spieltags.jpg\" class=\"attachment-trino-post-thumb size-trino-post-thumb wp-post-image\" alt=\"\" srcset=\"https:\/\/triumnovem.de\/wp-content\/uploads\/2025\/12\/job-des-spieltags.jpg 600w, https:\/\/triumnovem.de\/wp-content\/uploads\/2025\/12\/job-des-spieltags-300x200.jpg 300w\" sizes=\"(max-width: 600px) 100vw, 600px\" \/>\t        <\/div>\n\t        \n\t    \n\t    <div class=\"inner-post\">\n\t        <div class=\"entry-header\">\n\n\t            <h4 class=\"entry-title\">We were part of SC Freiburg recruiting campaign &#8220;Job des Spieltags\u201c<\/h4>\n\t        <\/div><!-- .entry-header -->\n\n\t\t\t\t        <div class=\"entry-summary the-excerpt\">\n\n\t            <p><strong>Careers meet stadium atmosphere:<\/strong> At the SC Freiburg home match, we were right in the middle of the action as an exhibitor in the \u201cJob of the Matchday\u201d initiative. Located directly at the stadium, fans and visitors had the opportunity to learn more about Trium Novem as an employer, engage in conversations with our team, and gain insights into our projects and career opportunities.<\/p>\n<p>With our own stand, individually designed promotional materials, and plenty of personal conversations, we showcased what Trium Novem stands for: exciting projects, strong team spirit, and real career prospects. The unique matchday setting once again demonstrated how well emotion, sport, and professional futures can come together.<\/p>\n<p>We would like to thank SC Freiburg for the excellent organization and everyone who stopped by our stand.<\/p>\n<p style=\"text-align: right;\"><strong>December 2025<\/strong><\/p>\n\n\t        <\/div><!-- .entry-content -->\n\t        <div class=\"entry-footer\">\n\t        <\/div>\n\n\t\t\t\t    <\/div>\n\t<\/div>\n<\/article> \n<article id=\"post-10720\" class=\"post-box masonry-post-item post-10720 post type-post status-publish format-standard has-post-thumbnail hentry category-uncategorized\">\n\t<div class=\"post-inner\">\n\t    \n\t        <div class=\"entry-media post-cat-abs\">\n\t\t\t\t<img loading=\"lazy\" decoding=\"async\" width=\"600\" height=\"400\" src=\"https:\/\/triumnovem.de\/wp-content\/uploads\/2025\/07\/employer-branding.jpg\" class=\"attachment-trino-post-thumb size-trino-post-thumb wp-post-image\" alt=\"\" srcset=\"https:\/\/triumnovem.de\/wp-content\/uploads\/2025\/07\/employer-branding.jpg 600w, https:\/\/triumnovem.de\/wp-content\/uploads\/2025\/07\/employer-branding-300x200.jpg 300w\" sizes=\"(max-width: 600px) 100vw, 600px\" \/>\t        <\/div>\n\t        \n\t    \n\t    <div class=\"inner-post\">\n\t        <div class=\"entry-header\">\n\n\t            <h4 class=\"entry-title\">&#8220;At Trium Novem we don&#8217;t just build buildings &#8211; we build the future. For our customers. For the industry. And for our team.&#8221;<\/h4>\n\t        <\/div><!-- .entry-header -->\n\n\t\t\t\t        <div class=\"entry-summary the-excerpt\">\n\n\t            <p>We believe in further development \u2013 \u200b\u200bprofessionally and personally. That&#8217;s why we invest in real collaboration, targeted support and experiences that connect. Whether it\u2019s further training, a networking event or a summer party: for us, the focus is on people. Appreciation, team spirit and innovation shape our everyday lives.<\/p>\n<p>What does that mean specifically for us? For example:<\/p>\n<p>\/ In-house coaching with communications expert Hannah Panidis \u2013 for confident, appreciative exchange in everyday work.<br \/>\n\/ Network event \u201cBIM \u2013 The future is already here\u201d \u2013 exchange at eye level with innovative minds in the industry.<br \/>\n\/ Participation in BAU 2025 in Munich \u2013 impulses, innovations, new perspectives for practice.<br \/>\n\/ Golf event with partner companies \u2013 sporty team spirit meets good conversations.<br \/>\n\/ Summer party &amp; end of the year \u2013 Because successes should be celebrated (including a candy bar, dance floor &amp; pretzels at midnight).<\/p>\n<p>Working at Trium Novem means: helping to shape, grow and feel good &#8211; in an environment that places just as much value on quality as it does on humanity.<\/p>\n<p>Trium Novem \u2013 WE CREATE TOMORROW. Together.<\/p>\n<p style=\"text-align: right;\"><strong>October 2025<\/strong><\/p>\n\n\t        <\/div><!-- .entry-content -->\n\t        <div class=\"entry-footer\">\n\t        <\/div>\n\n\t\t\t\t    <\/div>\n\t<\/div>\n<\/article> \n<article id=\"post-10849\" class=\"post-box masonry-post-item post-10849 post type-post status-publish format-standard has-post-thumbnail hentry category-uncategorized\">\n\t<div class=\"post-inner\">\n\t    \n\t        <div class=\"entry-media post-cat-abs\">\n\t\t\t\t<img loading=\"lazy\" decoding=\"async\" width=\"600\" height=\"400\" src=\"https:\/\/triumnovem.de\/wp-content\/uploads\/2025\/09\/triumnovem_x_sc-freiburg.jpg\" class=\"attachment-trino-post-thumb size-trino-post-thumb wp-post-image\" alt=\"\" srcset=\"https:\/\/triumnovem.de\/wp-content\/uploads\/2025\/09\/triumnovem_x_sc-freiburg.jpg 600w, https:\/\/triumnovem.de\/wp-content\/uploads\/2025\/09\/triumnovem_x_sc-freiburg-300x200.jpg 300w\" sizes=\"(max-width: 600px) 100vw, 600px\" \/>\t        <\/div>\n\t        \n\t    \n\t    <div class=\"inner-post\">\n\t        <div class=\"entry-header\">\n\n\t            <h4 class=\"entry-title\">Kick-off for teamwork<\/h4>\n\t        <\/div><!-- .entry-header -->\n\n\t\t\t\t        <div class=\"entry-summary the-excerpt\">\n\n\t            <p class=\"p1\"><b>Trium Novem is a business partner of SC Freiburg<\/b><\/p>\n<p class=\"p1\">The partnership is a perfect fit, because we have more in common than meets the eye: team spirit, clear processes, and an unconditional desire for lasting success. Whether on the construction site or on the pitch, great results can only be achieved when everyone pulls together.<\/p>\n<p class=\"p1\">As a general contractor and project manager, we stand for quality, reliability, and innovation. With our partnership with SC Freiburg, we are sending a strong signal about the values that are important to us: fair play, passion, and sustainability.<\/p>\n<p class=\"p1\">CEO Thomas Dieterle also emphasizes the importance of the partnership:<\/p>\n<p class=\"p1\">&#8220;SC Freiburg stands for down-to-earthness and success through community like no other club. This is exactly in line with our philosophy at Trium Novem \u2013 achieving more together while always looking ahead. We Create Tomorrow!&#8221;<\/p>\n<p class=\"p1\">We look forward to exciting encounters at the Europa-Park Stadium and inspiring conversations with partners, customers, and friends. Because, as in soccer, the same applies to us: success is teamwork.<\/p>\n<p class=\"p1\"><b>Trium Novem x SC Freiburg <\/b><\/p>\n<p style=\"text-align: right;\"><strong>October 2025<\/strong><\/p>\n\n\t        <\/div><!-- .entry-content -->\n\t        <div class=\"entry-footer\">\n\t        <\/div>\n\n\t\t\t\t    <\/div>\n\t<\/div>\n<\/article> \n<article id=\"post-10713\" class=\"post-box masonry-post-item post-10713 post type-post status-publish format-standard has-post-thumbnail hentry category-uncategorized\">\n\t<div class=\"post-inner\">\n\t    \n\t        <div class=\"entry-media post-cat-abs\">\n\t\t\t\t<img loading=\"lazy\" decoding=\"async\" width=\"600\" height=\"400\" src=\"https:\/\/triumnovem.de\/wp-content\/uploads\/2025\/07\/treffpunkt-netze.jpg\" class=\"attachment-trino-post-thumb size-trino-post-thumb wp-post-image\" alt=\"\" srcset=\"https:\/\/triumnovem.de\/wp-content\/uploads\/2025\/07\/treffpunkt-netze.jpg 600w, https:\/\/triumnovem.de\/wp-content\/uploads\/2025\/07\/treffpunkt-netze-300x200.jpg 300w\" sizes=\"(max-width: 600px) 100vw, 600px\" \/>\t        <\/div>\n\t        \n\t    \n\t    <div class=\"inner-post\">\n\t        <div class=\"entry-header\">\n\n\t            <h4 class=\"entry-title\">Trium Novem at Treffpunkt Netze 2025 &#8211; Impulses for the future<\/h4>\n\t        <\/div><!-- .entry-header -->\n\n\t\t\t\t        <div class=\"entry-summary the-excerpt\">\n\n\t            <p>We will be there! <strong>Trium Novem<\/strong> is presenting itself as a partner and exhibitor at <strong>Treffpunkt Netze<\/strong> &#8211; the leading event for the German energy industry.<\/p>\n<p>On <strong>October 7 and 8, 2025<\/strong>, around 500 participants from the industry, politics and authorities will meet to discuss the <strong>energy economy of tomorrow<\/strong>. And we are right in the middle of it: In our <strong>topic box, we will be giving a keynote speech<\/strong> to show how digitalization, new technologies and lean processes can change the energy and grid infrastructure in the long term.<\/p>\n<p>Why? Because we are convinced: <strong>Future-proof grids are the key to a sustainable and secure supply<\/strong>. We bring practical solutions and fresh perspectives to the exchange &#8211; open, innovative and always at eye level.<\/p>\n<p>\ud83d\udccd <strong>When &amp; Where<\/strong>: October 7-8, 2025 | <a href=\"https:\/\/www.bdew-treffpunkt-netze.de\/\" target=\"_blank\" rel=\"noopener\">Treffpunkt Netze 2025<\/a><br \/>\n\ud83c\udfaf <strong>Our contribution<\/strong>: Topic box with keynote speech for a connected future<\/p>\n<p>We look forward to interesting discussions, new ideas and exchanging ideas with you &#8211; <strong>WE CREATE TOMORROW!<\/strong> Together with our partners <strong>MaxxCompany<\/strong> and <strong>PIEA<\/strong>.<\/p>\n<p style=\"text-align: right;\"><strong>September 2025<\/strong><\/p>\n\n\t        <\/div><!-- .entry-content -->\n\t        <div class=\"entry-footer\">\n\t        <\/div>\n\n\t\t\t\t    <\/div>\n\t<\/div>\n<\/article>\t    <\/div>\n\t    <ul class=\"page-pagination none-style\">\n\t<li><span aria-current=\"page\" class=\"page-numbers current\">1<\/span><\/li>\n\t<li><a class=\"page-numbers\" href=\"https:\/\/triumnovem.de\/en\/wp-json\/wp\/v2\/pages\/6629\/page\/2\/\">2<\/a><\/li>\n\t<li><a class=\"page-numbers\" href=\"https:\/\/triumnovem.de\/en\/wp-json\/wp\/v2\/pages\/6629\/page\/3\/\">3<\/a><\/li>\n\t<li><a class=\"page-numbers\" href=\"https:\/\/triumnovem.de\/en\/wp-json\/wp\/v2\/pages\/6629\/page\/4\/\">4<\/a><\/li>\n\t<li><a class=\"page-numbers\" href=\"https:\/\/triumnovem.de\/en\/wp-json\/wp\/v2\/pages\/6629\/page\/5\/\">5<\/a><\/li>\n\t<li><a class=\"page-numbers\" href=\"https:\/\/triumnovem.de\/en\/wp-json\/wp\/v2\/pages\/6629\/page\/6\/\">6<\/a><\/li>\n\t<li><a class=\"page-numbers\" href=\"https:\/\/triumnovem.de\/en\/wp-json\/wp\/v2\/pages\/6629\/page\/7\/\">7<\/a><\/li>\n\t<li><a class=\"next page-numbers\" href=\"https:\/\/triumnovem.de\/en\/wp-json\/wp\/v2\/pages\/6629\/page\/2\/\"><i class=\"ot-flaticon-right-arrow\"><\/i><\/a><\/li>\n<\/ul>\n\t    \n\t\t\t\t\t\t<\/div>\n\t\t\t\t<\/div>\n\t\t\t\t\t<\/div>\n\t\t<\/div>\n\t\t\t\t\t<\/div>\n\t\t<\/section>\n\t\t\t\t<\/div>\n\t\t","protected":false},"excerpt":{"rendered":"<p>20 Mitarbeitermarke geknackt JUHU \u2013 wir knacken die 20 Mitarbeitermarke! Durch unser kontinuierliches aber dennoch gesundes Wachstum ist es uns unter Anderem m\u00f6glich, neben der Bauausf\u00fchrung nun auch verst\u00e4rkt die Bereiche\u00a0 Konzeption und Planung auszubauen. Somit k\u00f6nnen wir unseren Partnern ein noch umfassenderes Leistungsportfolio anbieten und sind f\u00fcr die Zukunft gewappnet. Schon heute schaffen wir [&hellip;]<\/p>\n","protected":false},"author":1,"featured_media":0,"parent":0,"menu_order":0,"comment_status":"closed","ping_status":"closed","template":"","meta":{"inline_featured_image":false,"footnotes":""},"class_list":["post-6629","page","type-page","status-publish","hentry"],"yoast_head":"<!-- This site is optimized with the Yoast SEO plugin v27.3 - https:\/\/yoast.com\/product\/yoast-seo-wordpress\/ -->\n<title>News - Trium Novem<\/title>\n<meta name=\"robots\" content=\"index, follow, max-snippet:-1, max-image-preview:large, max-video-preview:-1\" \/>\n<link rel=\"canonical\" href=\"https:\/\/triumnovem.de\/en\/news\/\" \/>\n<meta property=\"og:locale\" content=\"en_US\" \/>\n<meta property=\"og:type\" content=\"article\" \/>\n<meta property=\"og:title\" content=\"News - Trium Novem\" \/>\n<meta property=\"og:description\" content=\"20 Mitarbeitermarke geknackt JUHU \u2013 wir knacken die 20 Mitarbeitermarke! Durch unser kontinuierliches aber dennoch gesundes Wachstum ist es uns unter Anderem m\u00f6glich, neben der Bauausf\u00fchrung nun auch verst\u00e4rkt die Bereiche\u00a0 Konzeption und Planung auszubauen. Somit k\u00f6nnen wir unseren Partnern ein noch umfassenderes Leistungsportfolio anbieten und sind f\u00fcr die Zukunft gewappnet. Schon heute schaffen wir [&hellip;]\" \/>\n<meta property=\"og:url\" content=\"https:\/\/triumnovem.de\/en\/news\/\" \/>\n<meta property=\"og:site_name\" content=\"Trium Novem\" \/>\n<meta property=\"article:modified_time\" content=\"2024-01-31T13:31:06+00:00\" \/>\n<meta property=\"og:image\" content=\"https:\/\/triumnovem.de\/wp-content\/uploads\/2022\/07\/pexels-photo-1000445-600x400.webp\" \/>\n<meta name=\"twitter:card\" content=\"summary_large_image\" \/>\n<meta name=\"twitter:label1\" content=\"Est. reading time\" \/>\n\t<meta name=\"twitter:data1\" content=\"5 minutes\" \/>\n<script type=\"application\/ld+json\" class=\"yoast-schema-graph\">{\"@context\":\"https:\\\/\\\/schema.org\",\"@graph\":[{\"@type\":\"WebPage\",\"@id\":\"https:\\\/\\\/triumnovem.de\\\/en\\\/news\\\/\",\"url\":\"https:\\\/\\\/triumnovem.de\\\/en\\\/news\\\/\",\"name\":\"News - Trium Novem\",\"isPartOf\":{\"@id\":\"https:\\\/\\\/triumnovem.de\\\/en\\\/#website\"},\"primaryImageOfPage\":{\"@id\":\"https:\\\/\\\/triumnovem.de\\\/en\\\/news\\\/#primaryimage\"},\"image\":{\"@id\":\"https:\\\/\\\/triumnovem.de\\\/en\\\/news\\\/#primaryimage\"},\"thumbnailUrl\":\"https:\\\/\\\/triumnovem.de\\\/wp-content\\\/uploads\\\/2022\\\/07\\\/pexels-photo-1000445-600x400.webp\",\"datePublished\":\"2022-07-18T06:29:14+00:00\",\"dateModified\":\"2024-01-31T13:31:06+00:00\",\"breadcrumb\":{\"@id\":\"https:\\\/\\\/triumnovem.de\\\/en\\\/news\\\/#breadcrumb\"},\"inLanguage\":\"en-US\",\"potentialAction\":[{\"@type\":\"ReadAction\",\"target\":[\"https:\\\/\\\/triumnovem.de\\\/en\\\/news\\\/\"]}]},{\"@type\":\"ImageObject\",\"inLanguage\":\"en-US\",\"@id\":\"https:\\\/\\\/triumnovem.de\\\/en\\\/news\\\/#primaryimage\",\"url\":\"https:\\\/\\\/triumnovem.de\\\/wp-content\\\/uploads\\\/2022\\\/07\\\/pexels-photo-1000445-600x400.webp\",\"contentUrl\":\"https:\\\/\\\/triumnovem.de\\\/wp-content\\\/uploads\\\/2022\\\/07\\\/pexels-photo-1000445-600x400.webp\"},{\"@type\":\"BreadcrumbList\",\"@id\":\"https:\\\/\\\/triumnovem.de\\\/en\\\/news\\\/#breadcrumb\",\"itemListElement\":[{\"@type\":\"ListItem\",\"position\":1,\"name\":\"Startseite\",\"item\":\"https:\\\/\\\/triumnovem.de\\\/en\\\/\"},{\"@type\":\"ListItem\",\"position\":2,\"name\":\"News\"}]},{\"@type\":\"WebSite\",\"@id\":\"https:\\\/\\\/triumnovem.de\\\/en\\\/#website\",\"url\":\"https:\\\/\\\/triumnovem.de\\\/en\\\/\",\"name\":\"Trium Novem\",\"description\":\"We Create Tomorrow\",\"publisher\":{\"@id\":\"https:\\\/\\\/triumnovem.de\\\/en\\\/#organization\"},\"potentialAction\":[{\"@type\":\"SearchAction\",\"target\":{\"@type\":\"EntryPoint\",\"urlTemplate\":\"https:\\\/\\\/triumnovem.de\\\/en\\\/?s={search_term_string}\"},\"query-input\":{\"@type\":\"PropertyValueSpecification\",\"valueRequired\":true,\"valueName\":\"search_term_string\"}}],\"inLanguage\":\"en-US\"},{\"@type\":\"Organization\",\"@id\":\"https:\\\/\\\/triumnovem.de\\\/en\\\/#organization\",\"name\":\"Trium Novem GmbH\",\"url\":\"https:\\\/\\\/triumnovem.de\\\/en\\\/\",\"logo\":{\"@type\":\"ImageObject\",\"inLanguage\":\"en-US\",\"@id\":\"https:\\\/\\\/triumnovem.de\\\/en\\\/#\\\/schema\\\/logo\\\/image\\\/\",\"url\":\"https:\\\/\\\/triumnovem.de\\\/wp-content\\\/uploads\\\/2024\\\/01\\\/triumnovem_jahresrueckblick_2.jpg\",\"contentUrl\":\"https:\\\/\\\/triumnovem.de\\\/wp-content\\\/uploads\\\/2024\\\/01\\\/triumnovem_jahresrueckblick_2.jpg\",\"width\":1000,\"height\":666,\"caption\":\"Trium Novem GmbH\"},\"image\":{\"@id\":\"https:\\\/\\\/triumnovem.de\\\/en\\\/#\\\/schema\\\/logo\\\/image\\\/\"}}]}<\/script>\n<!-- \/ Yoast SEO plugin. -->","yoast_head_json":{"title":"News - Trium Novem","robots":{"index":"index","follow":"follow","max-snippet":"max-snippet:-1","max-image-preview":"max-image-preview:large","max-video-preview":"max-video-preview:-1"},"canonical":"https:\/\/triumnovem.de\/en\/news\/","og_locale":"en_US","og_type":"article","og_title":"News - Trium Novem","og_description":"20 Mitarbeitermarke geknackt JUHU \u2013 wir knacken die 20 Mitarbeitermarke! Durch unser kontinuierliches aber dennoch gesundes Wachstum ist es uns unter Anderem m\u00f6glich, neben der Bauausf\u00fchrung nun auch verst\u00e4rkt die Bereiche\u00a0 Konzeption und Planung auszubauen. Somit k\u00f6nnen wir unseren Partnern ein noch umfassenderes Leistungsportfolio anbieten und sind f\u00fcr die Zukunft gewappnet. Schon heute schaffen wir [&hellip;]","og_url":"https:\/\/triumnovem.de\/en\/news\/","og_site_name":"Trium Novem","article_modified_time":"2024-01-31T13:31:06+00:00","og_image":[{"url":"https:\/\/triumnovem.de\/wp-content\/uploads\/2022\/07\/pexels-photo-1000445-600x400.webp","type":"","width":"","height":""}],"twitter_card":"summary_large_image","twitter_misc":{"Est. reading time":"5 minutes"},"schema":{"@context":"https:\/\/schema.org","@graph":[{"@type":"WebPage","@id":"https:\/\/triumnovem.de\/en\/news\/","url":"https:\/\/triumnovem.de\/en\/news\/","name":"News - Trium Novem","isPartOf":{"@id":"https:\/\/triumnovem.de\/en\/#website"},"primaryImageOfPage":{"@id":"https:\/\/triumnovem.de\/en\/news\/#primaryimage"},"image":{"@id":"https:\/\/triumnovem.de\/en\/news\/#primaryimage"},"thumbnailUrl":"https:\/\/triumnovem.de\/wp-content\/uploads\/2022\/07\/pexels-photo-1000445-600x400.webp","datePublished":"2022-07-18T06:29:14+00:00","dateModified":"2024-01-31T13:31:06+00:00","breadcrumb":{"@id":"https:\/\/triumnovem.de\/en\/news\/#breadcrumb"},"inLanguage":"en-US","potentialAction":[{"@type":"ReadAction","target":["https:\/\/triumnovem.de\/en\/news\/"]}]},{"@type":"ImageObject","inLanguage":"en-US","@id":"https:\/\/triumnovem.de\/en\/news\/#primaryimage","url":"https:\/\/triumnovem.de\/wp-content\/uploads\/2022\/07\/pexels-photo-1000445-600x400.webp","contentUrl":"https:\/\/triumnovem.de\/wp-content\/uploads\/2022\/07\/pexels-photo-1000445-600x400.webp"},{"@type":"BreadcrumbList","@id":"https:\/\/triumnovem.de\/en\/news\/#breadcrumb","itemListElement":[{"@type":"ListItem","position":1,"name":"Startseite","item":"https:\/\/triumnovem.de\/en\/"},{"@type":"ListItem","position":2,"name":"News"}]},{"@type":"WebSite","@id":"https:\/\/triumnovem.de\/en\/#website","url":"https:\/\/triumnovem.de\/en\/","name":"Trium Novem","description":"We Create Tomorrow","publisher":{"@id":"https:\/\/triumnovem.de\/en\/#organization"},"potentialAction":[{"@type":"SearchAction","target":{"@type":"EntryPoint","urlTemplate":"https:\/\/triumnovem.de\/en\/?s={search_term_string}"},"query-input":{"@type":"PropertyValueSpecification","valueRequired":true,"valueName":"search_term_string"}}],"inLanguage":"en-US"},{"@type":"Organization","@id":"https:\/\/triumnovem.de\/en\/#organization","name":"Trium Novem GmbH","url":"https:\/\/triumnovem.de\/en\/","logo":{"@type":"ImageObject","inLanguage":"en-US","@id":"https:\/\/triumnovem.de\/en\/#\/schema\/logo\/image\/","url":"https:\/\/triumnovem.de\/wp-content\/uploads\/2024\/01\/triumnovem_jahresrueckblick_2.jpg","contentUrl":"https:\/\/triumnovem.de\/wp-content\/uploads\/2024\/01\/triumnovem_jahresrueckblick_2.jpg","width":1000,"height":666,"caption":"Trium Novem GmbH"},"image":{"@id":"https:\/\/triumnovem.de\/en\/#\/schema\/logo\/image\/"}}]}},"_links":{"self":[{"href":"https:\/\/triumnovem.de\/en\/wp-json\/wp\/v2\/pages\/6629","targetHints":{"allow":["GET"]}}],"collection":[{"href":"https:\/\/triumnovem.de\/en\/wp-json\/wp\/v2\/pages"}],"about":[{"href":"https:\/\/triumnovem.de\/en\/wp-json\/wp\/v2\/types\/page"}],"author":[{"embeddable":true,"href":"https:\/\/triumnovem.de\/en\/wp-json\/wp\/v2\/users\/1"}],"replies":[{"embeddable":true,"href":"https:\/\/triumnovem.de\/en\/wp-json\/wp\/v2\/comments?post=6629"}],"version-history":[{"count":6,"href":"https:\/\/triumnovem.de\/en\/wp-json\/wp\/v2\/pages\/6629\/revisions"}],"predecessor-version":[{"id":8954,"href":"https:\/\/triumnovem.de\/en\/wp-json\/wp\/v2\/pages\/6629\/revisions\/8954"}],"wp:attachment":[{"href":"https:\/\/triumnovem.de\/en\/wp-json\/wp\/v2\/media?parent=6629"}],"curies":[{"name":"wp","href":"https:\/\/api.w.org\/{rel}","templated":true}]}}