{"id":5829,"date":"2021-04-08T11:27:40","date_gmt":"2021-04-08T09:27:40","guid":{"rendered":"https:\/\/triumnovem.de\/impressum\/"},"modified":"2025-09-21T20:47:45","modified_gmt":"2025-09-21T18:47:45","slug":"impressum","status":"publish","type":"page","link":"https:\/\/triumnovem.de\/en\/impressum\/","title":{"rendered":"Impressum"},"content":{"rendered":"\t\t<div data-elementor-type=\"wp-page\" data-elementor-id=\"5829\" class=\"elementor elementor-5829 elementor-4803\" data-elementor-post-type=\"page\">\n\t\t\t\t\t\t<section class=\"elementor-section elementor-top-section elementor-element elementor-element-21ab9c23 elementor-section-boxed elementor-section-height-default elementor-section-height-default\" data-id=\"21ab9c23\" data-element_type=\"section\" data-e-type=\"section\">\n\t\t\t\t\t\t<div class=\"elementor-container elementor-column-gap-default\">\n\t\t\t\t\t<div class=\"elementor-column elementor-col-100 elementor-top-column elementor-element elementor-element-579fda77 ot-flex-column-vertical\" data-id=\"579fda77\" data-element_type=\"column\" data-e-type=\"column\">\n\t\t\t<div class=\"elementor-widget-wrap elementor-element-populated\">\n\t\t\t\t\t\t<div class=\"elementor-element elementor-element-70d04fad elementor-widget elementor-widget-text-editor\" data-id=\"70d04fad\" data-element_type=\"widget\" data-e-type=\"widget\" data-widget_type=\"text-editor.default\">\n\t\t\t\t<div class=\"elementor-widget-container\">\n\t\t\t\t\t\t\t\t\t<h2>Angaben gem\u00e4\u00df \u00a7 5 TMG<\/h2><p>Trium Novem GmbH<br \/>Max-Planck-Str. 1<br \/>77656 Offenburg<\/p><p>Handelsregister: HRB 723666<br \/>Registergericht: Amtsgericht Freiburg im Breisgau<br \/>Umsatzsteuer-ID: DE341162428<\/p><p><strong>Vertreten durch:<\/strong><br \/>M.Sc. in Civil Engineering, Jonathan Kress<br \/>Dipl.-Ing. (FH), Thomas Dieterle<\/p><h2>Kontakt<\/h2><p>Telefon: 0781 960536 0<br \/>E-Mail: info@triumnovem.de<\/p><h2>Berufshaftpflichtversicherung<\/h2><p>VHV Allgemeine Versicherung AG, VHV-Platz 1, 30177 Hannover<\/p><h2>Verbraucher\u00adstreit\u00adbeilegung\/Universal\u00adschlichtungs\u00adstelle<\/h2><p>Wir sind nicht bereit oder verpflichtet, an Streitbeilegungsverfahren vor einer Verbraucherschlichtungsstelle teilzunehmen.<\/p><h3>Haftung f\u00fcr Inhalte<\/h3><p>Als Diensteanbieter sind wir gem\u00e4\u00df \u00a7 7 Abs.1 TMG f\u00fcr eigene Inhalte auf diesen Seiten nach den allgemeinen Gesetzen verantwortlich. Nach \u00a7\u00a7 8 bis 10 TMG sind wir als Diensteanbieter jedoch nicht verpflichtet, \u00fcbermittelte oder gespeicherte fremde Informationen zu \u00fcberwachen oder nach Umst\u00e4nden zu forschen, die auf eine rechtswidrige T\u00e4tigkeit hinweisen.<\/p><p>Verpflichtungen zur Entfernung oder Sperrung der Nutzung von Informationen nach den allgemeinen Gesetzen bleiben hiervon unber\u00fchrt. Eine diesbez\u00fcgliche Haftung ist jedoch erst ab dem Zeitpunkt der Kenntnis einer konkreten Rechtsverletzung m\u00f6glich. Bei Bekanntwerden von entsprechenden Rechtsverletzungen werden wir diese Inhalte umgehend entfernen.<\/p><h3>Haftung f\u00fcr Links<\/h3><p>Unser Angebot enth\u00e4lt Links zu externen Websites Dritter, auf deren Inhalte wir keinen Einfluss haben. Deshalb k\u00f6nnen wir f\u00fcr diese fremden Inhalte auch keine Gew\u00e4hr \u00fcbernehmen. F\u00fcr die Inhalte der verlinkten Seiten ist stets der jeweilige Anbieter oder Betreiber der Seiten verantwortlich. Die verlinkten Seiten wurden zum Zeitpunkt der Verlinkung auf m\u00f6gliche Rechtsverst\u00f6\u00dfe \u00fcberpr\u00fcft. Rechtswidrige Inhalte waren zum Zeitpunkt der Verlinkung nicht erkennbar.<\/p><p>Eine permanente inhaltliche Kontrolle der verlinkten Seiten ist jedoch ohne konkrete Anhaltspunkte einer Rechtsverletzung nicht zumutbar. Bei Bekanntwerden von Rechtsverletzungen werden wir derartige Links umgehend entfernen.<\/p><h3>Urheberrecht<\/h3><p>Die durch die Seitenbetreiber erstellten Inhalte und Werke auf diesen Seiten unterliegen dem deutschen Urheberrecht. Die Vervielf\u00e4ltigung, Bearbeitung, Verbreitung und jede Art der Verwertung au\u00dferhalb der Grenzen des Urheberrechtes bed\u00fcrfen der schriftlichen Zustimmung des jeweiligen Autors bzw. Erstellers. Downloads und Kopien dieser Seite sind nur f\u00fcr den privaten, nicht kommerziellen Gebrauch gestattet.<\/p><p>Soweit die Inhalte auf dieser Seite nicht vom Betreiber erstellt wurden, werden die Urheberrechte Dritter beachtet. Insbesondere werden Inhalte Dritter als solche gekennzeichnet. Sollten Sie trotzdem auf eine Urheberrechtsverletzung aufmerksam werden, bitten wir um einen entsprechenden Hinweis. Bei Bekanntwerden von Rechtsverletzungen werden wir derartige Inhalte umgehend entfernen.<\/p><h3>Bildnachweis<\/h3><p><a href=\"https:\/\/www.istockphoto.com\/de\/portfolio\/cosmin4000?mediatype=photography\" target=\"_blank\" rel=\"noopener\">iStock.com\/cosmin4000<\/a><br \/><a href=\"https:\/\/www.istockphoto.com\/de\/portfolio\/ah_fotobox?mediatype=photography\" target=\"_blank\" rel=\"noopener\">iStock.com\/ah_fotobox<\/a><br \/><a href=\"https:\/\/www.istockphoto.com\/de\/portfolio\/acilo?mediatype=photography\" target=\"_blank\" rel=\"noopener\">iStock.com\/acilo<\/a><br \/><a href=\"https:\/\/www.istockphoto.com\/de\/portfolio\/Auris?mediatype=photography\" target=\"_blank\" rel=\"noopener\">iStock.com\/Auris<\/a><br \/><a href=\"https:\/\/www.istockphoto.com\/de\/portfolio\/Smileus?mediatype=photography\" target=\"_blank\" rel=\"noopener\">iStock.com\/Smileus<\/a><br \/><a href=\"https:\/\/www.istockphoto.com\/de\/portfolio\/sl-f?mediatype=photography\" target=\"_blank\" rel=\"noopener\">iStock.com\/sl-f<\/a><\/p><p><a class=\"blue science-text js-contributor-link\" href=\"https:\/\/stock.adobe.com\/de\/contributor\/206006333\/yelantsevv?load_type=author&amp;prev_url=detail\" target=\"_blank\" rel=\"noopener\" data-ingest-clicktype=\"details-contributor-link\">yelantsevv<\/a> \u2013 <a href=\"https:\/\/stock.adobe.com\/de\" target=\"_blank\" rel=\"noopener\">stock.adobe.com<\/a><br \/><a class=\"blue science-text js-contributor-link\" href=\"https:\/\/stock.adobe.com\/de\/contributor\/200642598\/zerbor?load_type=author&amp;prev_url=detail\" target=\"_blank\" rel=\"noopener\" data-ingest-clicktype=\"details-contributor-link\">Zerbor<\/a> \u2013 <a href=\"https:\/\/stock.adobe.com\/de\" target=\"_blank\" rel=\"noopener\">stock.adobe.com<\/a><\/p><p><strong>Fotograf Teamfotos, Netzwerkevent, VR Brille und B\u00fcro:<\/strong> <a href=\"http:\/\/www.perceptum.de\/\" target=\"_blank\" rel=\"noopener\">Nico Knebel<\/a><\/p><p style=\"font-weight: 400;\"><strong>Visualisierungen:<\/strong> <a href=\"https:\/\/www.harrer-ing.net\/\" target=\"_blank\" rel=\"noopener\">Harrer Ingenieure GmbH<\/a><\/p><p><strong>Visualisierungen, 3D Demo Videos:<\/strong> Nimbus 3D AG<\/p><p style=\"font-weight: 400;\"><strong>Video Projekt Hinter den Kulissen, Video Netzwerkevent 2025:<\/strong> K\u00fchnmedia <a href=\"https:\/\/kuehnmedia.com\/\">https:\/\/kuehnmedia.com\/<\/a><\/p><p style=\"font-weight: 400;\"><strong>Video Netzwerk Event 2024:<\/strong> Kopfkino <a href=\"https:\/\/kopfkino.com\/\" target=\"_blank\" rel=\"noopener\">https:\/\/kopfkino.com\/<\/a><\/p><p style=\"font-weight: 400;\"><strong>Video Referenzen\/Interview\/HeroSection:<\/strong> K\u00fchnmedia <a href=\"https:\/\/kuehnmedia.com\/\" target=\"_blank\" rel=\"noopener\">https:\/\/kuehnmedia.com\/<\/a><\/p><p style=\"font-weight: 400;\"><strong>Video Segmente:<\/strong> Hild Media <a href=\"https:\/\/www.hild-media.de\/\" target=\"_blank\" rel=\"noopener\">https:\/\/www.hild-media.de\/<\/a><\/p><p style=\"font-weight: 400;\"><strong>Rheinstra\u00dfe, Baden-Baden:<\/strong> RhineRender &#8211; Website: <a href=\"https:\/\/www.rhinerender.de\/\" target=\"_blank\" rel=\"noopener\">https:\/\/www.rhinerender.de\/<\/a><\/p><p style=\"font-weight: 400;\"><strong>Wohnanlage, Baden-Baden:<\/strong> RhineRender &#8211; Website: <a href=\"https:\/\/www.rhinerender.de\/\" target=\"_blank\" rel=\"noopener\">https:\/\/www.rhinerender.de\/<\/a><\/p><p style=\"font-weight: 400;\"><strong>Areal Sonne, Zell-Weierbach:<\/strong> RhineRender &#8211; Website: <a href=\"https:\/\/www.rhinerender.de\/\" target=\"_blank\" rel=\"noopener\">https:\/\/www.rhinerender.de\/<\/a><\/p><p style=\"font-weight: 400;\"><strong>Wohnpark Sch\u00f6nblick:<\/strong> RhineRender &#8211; Website: <a href=\"https:\/\/www.rhinerender.de\/\" target=\"_blank\" rel=\"noopener\">https:\/\/www.rhinerender.de\/<\/a><\/p><p style=\"font-weight: 400;\"><strong>6 Stadtvillen mit Eigentumswohnungen:<\/strong> H3-B\u00fcro f\u00fcr Objektvisualisierung \u2013 Website: <a href=\"https:\/\/www.h3-gt.de\/index.html\" target=\"_blank\" rel=\"noopener\">https:\/\/www.h3-gt.de\/index.html<\/a><\/p><p>Foto von\u00a0<a href=\"https:\/\/unsplash.com\/de\/fotos\/schwarze-corona-schreibmaschine-auf-braunen-holzbohlen-0gkw_9fy0eQ\" target=\"_blank\" rel=\"noopener\">Patrick Fore<\/a>\u00a0auf\u00a0<a href=\"https:\/\/unsplash.com\/\" target=\"_blank\" rel=\"noopener\">Unsplash<\/a><\/p>\t\t\t\t\t\t\t\t<\/div>\n\t\t\t\t<\/div>\n\t\t\t\t\t<\/div>\n\t\t<\/div>\n\t\t\t\t\t<\/div>\n\t\t<\/section>\n\t\t\t\t<\/div>\n\t\t","protected":false},"excerpt":{"rendered":"<p>Angaben gem\u00e4\u00df \u00a7 5 TMG Trium Novem GmbHMax-Planck-Str. 177656 Offenburg Handelsregister: HRB 723666Registergericht: Amtsgericht Freiburg im BreisgauUmsatzsteuer-ID: DE341162428 Vertreten durch:M.Sc. in Civil Engineering, Jonathan KressDipl.-Ing. (FH), Thomas Dieterle Kontakt Telefon: 0781 960536 0E-Mail: info@triumnovem.de Berufshaftpflichtversicherung VHV Allgemeine Versicherung AG, VHV-Platz 1, 30177 Hannover Verbraucher\u00adstreit\u00adbeilegung\/Universal\u00adschlichtungs\u00adstelle Wir sind nicht bereit oder verpflichtet, an Streitbeilegungsverfahren vor einer Verbraucherschlichtungsstelle [&hellip;]<\/p>\n","protected":false},"author":1,"featured_media":0,"parent":0,"menu_order":0,"comment_status":"closed","ping_status":"closed","template":"","meta":{"inline_featured_image":false,"footnotes":""},"class_list":["post-5829","page","type-page","status-publish","hentry"],"yoast_head":"<!-- This site is optimized with the Yoast SEO plugin v27.3 - https:\/\/yoast.com\/product\/yoast-seo-wordpress\/ -->\n<title>Impressum - Trium Novem<\/title>\n<meta name=\"robots\" content=\"index, follow, max-snippet:-1, max-image-preview:large, max-video-preview:-1\" \/>\n<link rel=\"canonical\" href=\"https:\/\/triumnovem.de\/en\/impressum\/\" \/>\n<meta property=\"og:locale\" content=\"en_US\" \/>\n<meta property=\"og:type\" content=\"article\" \/>\n<meta property=\"og:title\" content=\"Impressum - Trium Novem\" \/>\n<meta property=\"og:description\" content=\"Angaben gem\u00e4\u00df \u00a7 5 TMG Trium Novem GmbHMax-Planck-Str. 177656 Offenburg Handelsregister: HRB 723666Registergericht: Amtsgericht Freiburg im BreisgauUmsatzsteuer-ID: DE341162428 Vertreten durch:M.Sc. in Civil Engineering, Jonathan KressDipl.-Ing. (FH), Thomas Dieterle Kontakt Telefon: 0781 960536 0E-Mail: info@triumnovem.de Berufshaftpflichtversicherung VHV Allgemeine Versicherung AG, VHV-Platz 1, 30177 Hannover Verbraucher\u00adstreit\u00adbeilegung\/Universal\u00adschlichtungs\u00adstelle Wir sind nicht bereit oder verpflichtet, an Streitbeilegungsverfahren vor einer Verbraucherschlichtungsstelle [&hellip;]\" \/>\n<meta property=\"og:url\" content=\"https:\/\/triumnovem.de\/en\/impressum\/\" \/>\n<meta property=\"og:site_name\" content=\"Trium Novem\" \/>\n<meta property=\"article:modified_time\" content=\"2025-09-21T18:47:45+00:00\" \/>\n<meta name=\"twitter:card\" content=\"summary_large_image\" \/>\n<meta name=\"twitter:label1\" content=\"Est. reading time\" \/>\n\t<meta name=\"twitter:data1\" content=\"3 minutes\" \/>\n<script type=\"application\/ld+json\" class=\"yoast-schema-graph\">{\"@context\":\"https:\\\/\\\/schema.org\",\"@graph\":[{\"@type\":\"WebPage\",\"@id\":\"https:\\\/\\\/triumnovem.de\\\/en\\\/impressum\\\/\",\"url\":\"https:\\\/\\\/triumnovem.de\\\/en\\\/impressum\\\/\",\"name\":\"Impressum - Trium Novem\",\"isPartOf\":{\"@id\":\"https:\\\/\\\/triumnovem.de\\\/en\\\/#website\"},\"datePublished\":\"2021-04-08T09:27:40+00:00\",\"dateModified\":\"2025-09-21T18:47:45+00:00\",\"breadcrumb\":{\"@id\":\"https:\\\/\\\/triumnovem.de\\\/en\\\/impressum\\\/#breadcrumb\"},\"inLanguage\":\"en-US\",\"potentialAction\":[{\"@type\":\"ReadAction\",\"target\":[\"https:\\\/\\\/triumnovem.de\\\/en\\\/impressum\\\/\"]}]},{\"@type\":\"BreadcrumbList\",\"@id\":\"https:\\\/\\\/triumnovem.de\\\/en\\\/impressum\\\/#breadcrumb\",\"itemListElement\":[{\"@type\":\"ListItem\",\"position\":1,\"name\":\"Startseite\",\"item\":\"https:\\\/\\\/triumnovem.de\\\/en\\\/\"},{\"@type\":\"ListItem\",\"position\":2,\"name\":\"Impressum\"}]},{\"@type\":\"WebSite\",\"@id\":\"https:\\\/\\\/triumnovem.de\\\/en\\\/#website\",\"url\":\"https:\\\/\\\/triumnovem.de\\\/en\\\/\",\"name\":\"Trium Novem\",\"description\":\"We Create Tomorrow\",\"publisher\":{\"@id\":\"https:\\\/\\\/triumnovem.de\\\/en\\\/#organization\"},\"potentialAction\":[{\"@type\":\"SearchAction\",\"target\":{\"@type\":\"EntryPoint\",\"urlTemplate\":\"https:\\\/\\\/triumnovem.de\\\/en\\\/?s={search_term_string}\"},\"query-input\":{\"@type\":\"PropertyValueSpecification\",\"valueRequired\":true,\"valueName\":\"search_term_string\"}}],\"inLanguage\":\"en-US\"},{\"@type\":\"Organization\",\"@id\":\"https:\\\/\\\/triumnovem.de\\\/en\\\/#organization\",\"name\":\"Trium Novem GmbH\",\"url\":\"https:\\\/\\\/triumnovem.de\\\/en\\\/\",\"logo\":{\"@type\":\"ImageObject\",\"inLanguage\":\"en-US\",\"@id\":\"https:\\\/\\\/triumnovem.de\\\/en\\\/#\\\/schema\\\/logo\\\/image\\\/\",\"url\":\"https:\\\/\\\/triumnovem.de\\\/wp-content\\\/uploads\\\/2024\\\/01\\\/triumnovem_jahresrueckblick_2.jpg\",\"contentUrl\":\"https:\\\/\\\/triumnovem.de\\\/wp-content\\\/uploads\\\/2024\\\/01\\\/triumnovem_jahresrueckblick_2.jpg\",\"width\":1000,\"height\":666,\"caption\":\"Trium Novem GmbH\"},\"image\":{\"@id\":\"https:\\\/\\\/triumnovem.de\\\/en\\\/#\\\/schema\\\/logo\\\/image\\\/\"}}]}<\/script>\n<!-- \/ Yoast SEO plugin. -->","yoast_head_json":{"title":"Impressum - Trium Novem","robots":{"index":"index","follow":"follow","max-snippet":"max-snippet:-1","max-image-preview":"max-image-preview:large","max-video-preview":"max-video-preview:-1"},"canonical":"https:\/\/triumnovem.de\/en\/impressum\/","og_locale":"en_US","og_type":"article","og_title":"Impressum - Trium Novem","og_description":"Angaben gem\u00e4\u00df \u00a7 5 TMG Trium Novem GmbHMax-Planck-Str. 177656 Offenburg Handelsregister: HRB 723666Registergericht: Amtsgericht Freiburg im BreisgauUmsatzsteuer-ID: DE341162428 Vertreten durch:M.Sc. in Civil Engineering, Jonathan KressDipl.-Ing. (FH), Thomas Dieterle Kontakt Telefon: 0781 960536 0E-Mail: info@triumnovem.de Berufshaftpflichtversicherung VHV Allgemeine Versicherung AG, VHV-Platz 1, 30177 Hannover Verbraucher\u00adstreit\u00adbeilegung\/Universal\u00adschlichtungs\u00adstelle Wir sind nicht bereit oder verpflichtet, an Streitbeilegungsverfahren vor einer Verbraucherschlichtungsstelle [&hellip;]","og_url":"https:\/\/triumnovem.de\/en\/impressum\/","og_site_name":"Trium Novem","article_modified_time":"2025-09-21T18:47:45+00:00","twitter_card":"summary_large_image","twitter_misc":{"Est. reading time":"3 minutes"},"schema":{"@context":"https:\/\/schema.org","@graph":[{"@type":"WebPage","@id":"https:\/\/triumnovem.de\/en\/impressum\/","url":"https:\/\/triumnovem.de\/en\/impressum\/","name":"Impressum - Trium Novem","isPartOf":{"@id":"https:\/\/triumnovem.de\/en\/#website"},"datePublished":"2021-04-08T09:27:40+00:00","dateModified":"2025-09-21T18:47:45+00:00","breadcrumb":{"@id":"https:\/\/triumnovem.de\/en\/impressum\/#breadcrumb"},"inLanguage":"en-US","potentialAction":[{"@type":"ReadAction","target":["https:\/\/triumnovem.de\/en\/impressum\/"]}]},{"@type":"BreadcrumbList","@id":"https:\/\/triumnovem.de\/en\/impressum\/#breadcrumb","itemListElement":[{"@type":"ListItem","position":1,"name":"Startseite","item":"https:\/\/triumnovem.de\/en\/"},{"@type":"ListItem","position":2,"name":"Impressum"}]},{"@type":"WebSite","@id":"https:\/\/triumnovem.de\/en\/#website","url":"https:\/\/triumnovem.de\/en\/","name":"Trium Novem","description":"We Create Tomorrow","publisher":{"@id":"https:\/\/triumnovem.de\/en\/#organization"},"potentialAction":[{"@type":"SearchAction","target":{"@type":"EntryPoint","urlTemplate":"https:\/\/triumnovem.de\/en\/?s={search_term_string}"},"query-input":{"@type":"PropertyValueSpecification","valueRequired":true,"valueName":"search_term_string"}}],"inLanguage":"en-US"},{"@type":"Organization","@id":"https:\/\/triumnovem.de\/en\/#organization","name":"Trium Novem GmbH","url":"https:\/\/triumnovem.de\/en\/","logo":{"@type":"ImageObject","inLanguage":"en-US","@id":"https:\/\/triumnovem.de\/en\/#\/schema\/logo\/image\/","url":"https:\/\/triumnovem.de\/wp-content\/uploads\/2024\/01\/triumnovem_jahresrueckblick_2.jpg","contentUrl":"https:\/\/triumnovem.de\/wp-content\/uploads\/2024\/01\/triumnovem_jahresrueckblick_2.jpg","width":1000,"height":666,"caption":"Trium Novem GmbH"},"image":{"@id":"https:\/\/triumnovem.de\/en\/#\/schema\/logo\/image\/"}}]}},"_links":{"self":[{"href":"https:\/\/triumnovem.de\/en\/wp-json\/wp\/v2\/pages\/5829","targetHints":{"allow":["GET"]}}],"collection":[{"href":"https:\/\/triumnovem.de\/en\/wp-json\/wp\/v2\/pages"}],"about":[{"href":"https:\/\/triumnovem.de\/en\/wp-json\/wp\/v2\/types\/page"}],"author":[{"embeddable":true,"href":"https:\/\/triumnovem.de\/en\/wp-json\/wp\/v2\/users\/1"}],"replies":[{"embeddable":true,"href":"https:\/\/triumnovem.de\/en\/wp-json\/wp\/v2\/comments?post=5829"}],"version-history":[{"count":39,"href":"https:\/\/triumnovem.de\/en\/wp-json\/wp\/v2\/pages\/5829\/revisions"}],"predecessor-version":[{"id":10860,"href":"https:\/\/triumnovem.de\/en\/wp-json\/wp\/v2\/pages\/5829\/revisions\/10860"}],"wp:attachment":[{"href":"https:\/\/triumnovem.de\/en\/wp-json\/wp\/v2\/media?parent=5829"}],"curies":[{"name":"wp","href":"https:\/\/api.w.org\/{rel}","templated":true}]}}